{"id":4557,"date":"2019-06-06T14:09:26","date_gmt":"2019-06-06T12:09:26","guid":{"rendered":"https:\/\/www.hostivarskaprehrada.cz\/contacts\/"},"modified":"2021-07-22T10:46:13","modified_gmt":"2021-07-22T08:46:13","slug":"contacts","status":"publish","type":"page","link":"https:\/\/www.hostivarskaprehrada.cz\/en\/contacts\/","title":{"rendered":"Contacts"},"content":{"rendered":"<p>[vc_row tlg_background_style=&#8221;bg-secondary&#8221; tlg_padding=&#8221;pt64 pb64&#8243; el_id=&#8221;kontakt&#8221;][vc_column width=&#8221;1\/3&#8243;][vc_column_text]<\/p>\n<h2>Hostiva\u0159 lido<\/h2>\n<p>K Jezeru, 100 00 Praha 10 \u2013 Hostiva\u0159<br \/>\nGPS: 50.041658, 14.529237<\/p>\n<p><a href=\"https:\/\/goo.gl\/maps\/MWzmf53mnL12\" target=\"_blank\" rel=\"noopener noreferrer\">Maps Google<\/a>\u00a0| <a href=\"https:\/\/mapy.cz\/s\/1B9vc\" target=\"_blank\" rel=\"noopener noreferrer\">Maps Seznam<\/a><\/p>\n<p>Information: <strong>+420\u00a0251 550 075<\/strong><strong><br \/>\n<\/strong>Email:\u00a0<a href=\"mailto:info@hostivarskaprehrada.cz\">info@hostivarskaprehrada.cz<\/a>[\/vc_column_text][vc_column_text]<\/p>\n<h2>Sports fields<\/h2>\n<p>For booking and getting information about sports fields please contact<\/p>\n<p>Email: <a href=\"mailto:rezervace@hostivarskaprehrada.cz\">rezervace@hostivarskaprehrada.cz<\/a>[\/vc_column_text][vc_column_text]<\/p>\n<h2>Opertaions coordinator<\/h2>\n<p>PETRA LA\u0147KOV\u00c1<\/p>\n<p>Email: <a href=\"mailto:lankova@hostivarskaprehrada.cz\">lankova@hostivarskaprehrada.cz<\/a>[\/vc_column_text][vc_column_text]<\/p>\n<h2>Corporate events<\/h2>\n<p><span class=\"tlid-translation translation\" lang=\"en\"><span class=\"\" title=\"\">In matters related to events, please contact us by email.<\/span><\/span><\/p>\n<p>Email: <a href=\"mailto:rezervace@hostivarskaprehrada.cz\">eventy@hostivarskaprehrada.cz<\/a>[\/vc_column_text][vc_column_text]<\/p>\n<h2>Booking of an area and advertising<\/h2>\n<p>Email:\u00a0<a href=\"mailto: bergmann@hostivarskaprehrada.cz\"> bergmann@hostivarskaprehrada.cz<\/a>[\/vc_column_text][\/vc_column][vc_column width=&#8221;2\/3&#8243;]<div class=\"tlg-custom-embed \"><iframe style=\"height: 650px;\" frameborder=\"0\" scrolling=\"no\" marginheight=\"0\" marginwidth=\"0\" src=\"https:\/\/maps.google.com\/maps?q=50.040415%2C%2014.535472&amp;t=m&amp;z=14&amp;output=embed&amp;iwloc=near\" aria-label=\"50.040415, 14.535472\"><\/iframe><\/div>[vc_column_text css=&#8221;.vc_custom_1559573533197{padding-top: 20px !important;}&#8221;]<img loading=\"lazy\" decoding=\"async\" class=\"aligncenter size-full wp-image-4329\" src=\"https:\/\/www.hostivarskaprehrada.cz\/wp-content\/uploads\/2017\/04\/hp-rules-icons.png\" alt=\"\" width=\"500\" height=\"82\" srcset=\"https:\/\/www.hostivarskaprehrada.cz\/wp-content\/uploads\/2017\/04\/hp-rules-icons.png 500w, https:\/\/www.hostivarskaprehrada.cz\/wp-content\/uploads\/2017\/04\/hp-rules-icons-300x49.png 300w\" sizes=\"(max-width: 500px) 100vw, 500px\" \/>[\/vc_column_text][\/vc_column][\/vc_row][vc_row tlg_padding=&#8221;pt64 pb64&#8243; el_id=&#8221;doprava&#8221; css=&#8221;.vc_custom_1523281506934{padding-bottom: 35px !important;}&#8221;][vc_column width=&#8221;1\/2&#8243; css=&#8221;.vc_custom_1493199174015{padding-right: 10px !important;}&#8221;][vc_column_text]<\/p>\n<h2>How to reach us by car<\/h2>\n<p><strong>The main beach<\/strong><br \/>\nArrival for cars to the main beach of Hostiva\u0159 reservoir is by the street K Jezerou from the Ko\u0161\u00edk housing estate. (Beware of the street K Jezeru Street is also from the H\u00e1je but it&#8217;s impassable)<\/p>\n<p>Free public parking is available<\/p>\n<p>GPS parking: 50.041646, 14.529251<\/p>\n<p>You can also find more parking options in the H\u00e1je housing estate in the streets around V\u00fdstavn\u00ed Street.<\/p>\n<p><strong>Nudist beach<\/strong> The nudist beach does not have its own car park. If you are heading to Nudist Beach by car, the easiest way to park is along the V\u00fdstavn\u00ed and Novopetrovska streets and then walk across the field road.[\/vc_column_text][vc_column_text]<\/p>\n<h2>How to reach us by foot or on the bike<\/h2>\n<p>For those who like to walk or biking, there are few ways to reach Hostiva\u0159 reservoir.<\/p>\n<ul>\n<li><strong>From H\u00e1je<\/strong> &#8211; the reservoir is reachable from H\u00e1je and the Ji\u017en\u00ed m\u011bsto , also from the H\u00e1je Metro.<\/li>\n<li><strong>From Ko\u0161\u00edk<\/strong> \u2013 this is the shortest route, either by a panel road or a forest park that extends to the edge of the housing estate.<\/li>\n<li><strong>From Hostiva\u0159<\/strong> &#8211; beautiful scenery of the Hostiva\u0159 forest park, where stop tram lines number 22 and 26.<\/li>\n<li><strong>From M\u011bcholupy and Petrovice<\/strong> \u2013 this is a very similar way to the one from Hostiva\u0159. Through the forest park or one of the adjoining streets, you will join the U B\u0159ehu street leading beside the reservoir to the main gate. The journey takes about 25 minutes walking or 10 minutes by bike. You can also go on the other side by Euklidova Street to the Nudist Beach 15-20 minutes walking or 5 minutes by bike or alternatively continue along the V\u00fdstavn\u00ed and K Jezeru way to the main gate of the lido. This journey takes a little longer.<\/li>\n<\/ul>\n<p>As you can see all the roads lead to the Hostiva\u0159 reservoir. We wish you a pleasant journey and look forward to your visit.[\/vc_column_text][\/vc_column][vc_column width=&#8221;1\/2&#8243; css=&#8221;.vc_custom_1493199178150{padding-left: 10px !important;}&#8221;][vc_column_text]<\/p>\n<h2>How to reach us by public transport<\/h2>\n<p>The Hostiva\u0159 reservoir is easily accessible from all sides. You can reach us from Ji\u017en\u00ed m\u011bsto, H\u00e1je, Hostiva\u0159, M\u011bcholupy or Petrovice.<\/p>\n<p>There are 9 bus stops near the reservoir in total. Some of them are really close to the reservoir, and some offer a pleasant walk.<\/p>\n<p><strong>The main beach<br \/>\n<\/strong>The fastest way to the main lido is from bus stop:<\/p>\n<ol>\n<li>Selsk\u00e1 ( Ko\u0161\u00edk ) bus no. 177, 181, 506, 609 &#8211; walk distance from HR 967 m<\/li>\n<li>Wagnerova ( H\u00e1je ) bus no. 293 &#8211; walking distance from HR 897 m<\/li>\n<li>Ji\u017en\u00ed M\u011bsto bus No. 136, 165, 170, 213, 505 &#8211; walk distance from HR 969 m<\/li>\n<\/ol>\n<p>Other ways to the main gate:<\/p>\n<ol>\n<li>By metro &#8211; stop H\u00e1je &#8211; distance on foot from HR 1,6km<\/li>\n<li>K obecn\u00edm h\u00e1jovn\u00e1m, bus no. 181 &#8211; walking distance from HR: 1.6 km<\/li>\n<li>Nad Ko\u0161\u00edkem, bus no. 181 &#8211; walking distance from HR: 1.4 km<\/li>\n<li>K Lesoparku, bus no. 175 &#8211; walking distance from HP: 2.2 km<\/li>\n<li>\u0158ep\u010dick\u00e1, bus no. 125, 175, 183, 511 &#8211; walking distance from HP: 1.9 km<\/li>\n<li>Livornsk\u00e1, bus no. 125, 240, 296, 570, 511 &#8211; walking distance from HR: 3.2 km<\/li>\n<li>Newtonova, bus no. 240, 296 &#8211; walking distance from HR: 2.9 km\/li&gt;<\/li>\n<\/ol>\n<p><strong>Nudist beach<br \/>\n<\/strong>The fastest way to Nudist Beach is by bus or metro from:<\/p>\n<ol>\n<li>Ji\u017en\u00ed M\u011bsto bus no. 136, 165, 170, 213, 505 &#8211; walking distance from NB: 450 m<\/li>\n<li>By metro &#8211; stop H\u00e1je &#8211; distance on foot from NB 1,6km<\/li>\n<li>Newtonova, bus no. 240, 296 distance on foot from NB: 1.8 km<\/li>\n<\/ol>\n<p>[\/vc_column_text][\/vc_column][\/vc_row]<\/p>\n","protected":false},"excerpt":{"rendered":"<p>[vc_row tlg_background_style=&#8221;bg-secondary&#8221; tlg_padding=&#8221;pt64 pb64&#8243; el_id=&#8221;kontakt&#8221;][vc_column width=&#8221;1\/3&#8243;][vc_column_text] Hostiva\u0159 lido K Jezeru, 100 00 Praha 10 \u2013 Hostiva\u0159 GPS: 50.041658, 14.529237 Maps Google\u00a0| Maps Seznam Information: +420\u00a0251 550 075 Email:\u00a0info@hostivarskaprehrada.cz[\/vc_column_text][vc_column_text] Sports fields For booking and getting information about sports fields&#8230;<\/p>\n","protected":false},"author":1,"featured_media":0,"parent":0,"menu_order":0,"comment_status":"closed","ping_status":"closed","template":"","meta":{"inline_featured_image":false,"footnotes":""},"class_list":["post-4557","page","type-page","status-publish","hentry"],"_links":{"self":[{"href":"https:\/\/www.hostivarskaprehrada.cz\/en\/wp-json\/wp\/v2\/pages\/4557"}],"collection":[{"href":"https:\/\/www.hostivarskaprehrada.cz\/en\/wp-json\/wp\/v2\/pages"}],"about":[{"href":"https:\/\/www.hostivarskaprehrada.cz\/en\/wp-json\/wp\/v2\/types\/page"}],"author":[{"embeddable":true,"href":"https:\/\/www.hostivarskaprehrada.cz\/en\/wp-json\/wp\/v2\/users\/1"}],"replies":[{"embeddable":true,"href":"https:\/\/www.hostivarskaprehrada.cz\/en\/wp-json\/wp\/v2\/comments?post=4557"}],"version-history":[{"count":18,"href":"https:\/\/www.hostivarskaprehrada.cz\/en\/wp-json\/wp\/v2\/pages\/4557\/revisions"}],"predecessor-version":[{"id":10007,"href":"https:\/\/www.hostivarskaprehrada.cz\/en\/wp-json\/wp\/v2\/pages\/4557\/revisions\/10007"}],"wp:attachment":[{"href":"https:\/\/www.hostivarskaprehrada.cz\/en\/wp-json\/wp\/v2\/media?parent=4557"}],"curies":[{"name":"wp","href":"https:\/\/api.w.org\/{rel}","templated":true}]}}